{"id":2555,"date":"2026-04-14T10:46:34","date_gmt":"2026-04-14T10:46:34","guid":{"rendered":"https:\/\/shop.macjes-fashion.at\/?post_type=product&#038;p=2555"},"modified":"2026-04-15T10:44:07","modified_gmt":"2026-04-15T10:44:07","slug":"rory","status":"publish","type":"product","link":"https:\/\/shop.macjes-fashion.at\/index.php\/produkt\/rory\/","title":{"rendered":"Rory"},"content":{"rendered":"<p style=\"text-align: left;\"><b><span data-contrast=\"auto\">Material &amp; Pflegehinweis:<\/span><\/b><span data-ccp-props=\"{&quot;201341983&quot;:0,&quot;335559739&quot;:160,&quot;335559740&quot;:259}\">\u00a0<\/span><\/p>\n<p style=\"text-align: left;\"><span data-contrast=\"auto\">Obermaterial:<\/span> Echtleder<\/p>\n<p style=\"text-align: left;\"><span data-contrast=\"auto\">F\u00fctterungsdicke:<\/span><span data-ccp-props=\"{&quot;201341983&quot;:0,&quot;335559739&quot;:160,&quot;335559740&quot;:259}\"> kalt gef\u00fcttert<\/span><\/p>\n<p style=\"text-align: left;\"><span data-contrast=\"auto\">Pflegehinweis: Evtl. Impr\u00e4gnieren<\/span><span data-ccp-props=\"{&quot;201341983&quot;:0,&quot;335559739&quot;:160,&quot;335559740&quot;:259}\">\u00a0<\/span><\/p>\n<p style=\"text-align: left;\"><b><span data-contrast=\"auto\">Produktinfos:<\/span><\/b><span data-contrast=\"auto\">\u00a0<\/span><span data-ccp-props=\"{&quot;201341983&quot;:0,&quot;335559739&quot;:160,&quot;335559740&quot;:259}\">\u00a0<\/span><\/p>\n<p style=\"text-align: left;\"><span data-contrast=\"auto\">Schnitt:<\/span><span data-ccp-props=\"{&quot;201341983&quot;:0,&quot;335559739&quot;:160,&quot;335559740&quot;:259}\"> normal &#8211; breiter<\/span><\/p>\n<p style=\"text-align: left;\"><span data-contrast=\"auto\">Schuhspitze:<\/span><span data-ccp-props=\"{&quot;201341983&quot;:0,&quot;335559739&quot;:160,&quot;335559740&quot;:259}\"> rund<\/span><\/p>\n<p style=\"text-align: left;\"><span data-contrast=\"auto\">Absatz:<\/span><span data-ccp-props=\"{&quot;201341983&quot;:0,&quot;335559739&quot;:160,&quot;335559740&quot;:259}\"> 2,5cm<\/span><\/p>\n<p style=\"text-align: left;\"><span data-contrast=\"auto\">Verschluss:<\/span><span data-ccp-props=\"{&quot;201341983&quot;:0,&quot;335559739&quot;:160,&quot;335559740&quot;:259}\"> Slip On<\/span><\/p>\n<p style=\"text-align: left;\"><span data-contrast=\"auto\">Funktionalit\u00e4t: wird bei vielem Tragen weiter, auch hier sehr weiches Echtleder<\/span><\/p>\n<p style=\"text-align: left;\">Details: perfekt f\u00fcr Hallux Kunden bzw. Kunden mit breiteren F\u00fc\u00dfen<\/p>\n<ul>\n<li>Schuhweite G-Weite<\/li>\n<li>Verschluss Slip On<\/li>\n<li>Wechselfussbett nein<\/li>\n<li>Ledertyp (Tier) Rind<\/li>\n<\/ul>\n<p style=\"text-align: left;\">Farben: siehe Bild<\/p>\n<p style=\"text-align: left;\"><strong><u>Ma\u00dfe:\u00a0<\/u><\/strong><\/p>\n<p style=\"text-align: left;\"><span style=\"color: #ff0000;\"><strong>L\u00e4nge\/Breite innen am Fu\u00dfbett gemessen!!<\/strong><\/span><\/p>\n<table class=\" alignleft\" style=\"border-collapse: collapse; width: 180pt;\" border=\"0\" width=\"240\" cellspacing=\"0\" cellpadding=\"0\">\n<tbody>\n<tr style=\"height: 15.0pt;\">\n<td class=\"xl65\" style=\"height: 15.0pt; width: 60pt;\" width=\"80\" height=\"20\">38<\/td>\n<td style=\"width: 60pt;\" width=\"80\">25cm<\/td>\n<td style=\"width: 60pt;\" width=\"80\">9cm<\/td>\n<\/tr>\n<tr style=\"height: 15.0pt;\">\n<td class=\"xl65\" style=\"height: 15.0pt;\" height=\"20\">39<\/td>\n<td>25,5cm<\/td>\n<td>9,7cm<\/td>\n<\/tr>\n<tr style=\"height: 15.0pt;\">\n<td class=\"xl65\" style=\"height: 15.0pt;\" height=\"20\">40<\/td>\n<td>26cm<\/td>\n<td>9,8cm<\/td>\n<\/tr>\n<tr style=\"height: 15.0pt;\">\n<td class=\"xl65\" style=\"height: 15.0pt;\" height=\"20\">41<\/td>\n<td>27cm<\/td>\n<td>10cm<\/td>\n<\/tr>\n<\/tbody>\n<\/table>\n<p>&nbsp;<\/p>\n<p>&nbsp;<\/p>\n<p>&nbsp;<\/p>\n<p>&nbsp;<\/p>\n<p>&nbsp;<\/p>\n<p style=\"text-align: left;\"><strong>ACHTUNG:<\/strong><\/p>\n<p style=\"text-align: left;\"><strong>Nicht lagernde Gr\u00f6\u00dfen werden im Andrea Conti Lager bestellt.<\/strong><\/p>\n<p style=\"text-align: left;\"><strong>L\u00e4ngere Lieferzeit beachten!<\/strong><\/p>\n<p style=\"text-align: left;\"><strong>Sollte die Gr\u00f6\u00dfe im Andrea Conti Lager nicht mehr bestellt werden k\u00f6nnen, kommt eine zus\u00e4tzliche Info.<\/strong><\/p>\n","protected":false},"excerpt":{"rendered":"<p>Material &amp; Pflegehinweis:\u00a0 Obermaterial: Echtleder F\u00fctterungsdicke: kalt gef\u00fcttert Pflegehinweis: Evtl. Impr\u00e4gnieren\u00a0 Produktinfos:\u00a0\u00a0 Schnitt: normal &#8211; breiter Schuhspitze: rund Absatz: 2,5cm Verschluss: Slip On Funktionalit\u00e4t: wird bei vielem Tragen weiter, auch hier sehr weiches Echtleder Details: perfekt f\u00fcr Hallux Kunden bzw. Kunden mit breiteren F\u00fc\u00dfen Schuhweite G-Weite Verschluss Slip On Wechselfussbett&hellip; <\/p>\n","protected":false},"featured_media":2591,"template":"","meta":[],"product_brand":[124],"product_cat":[123,77,113,103,102],"product_tag":[91,118,105,89,90],"class_list":{"0":"post-2555","1":"product","2":"type-product","3":"status-publish","4":"has-post-thumbnail","6":"product_brand-andrea-conti","7":"product_cat-andrea-conti","8":"product_cat-damen","9":"product_cat-echtleder","10":"product_cat-pantolette","11":"product_cat-pantoletten","12":"product_tag-damen","13":"product_tag-echtleder","14":"product_tag-pantolette","15":"product_tag-schuh","16":"product_tag-schuhe","18":"first","19":"instock","20":"shipping-taxable","21":"purchasable","22":"product-type-variable"},"yoast_head":"<!-- This site is optimized with the Yoast SEO plugin v27.3 - https:\/\/yoast.com\/product\/yoast-seo-wordpress\/ -->\n<title>Rory - MacJes Fashion<\/title>\n<meta name=\"robots\" content=\"index, follow, max-snippet:-1, max-image-preview:large, max-video-preview:-1\" \/>\n<link rel=\"canonical\" href=\"https:\/\/shop.macjes-fashion.at\/index.php\/produkt\/rory\/\" \/>\n<meta property=\"og:locale\" content=\"de_DE\" \/>\n<meta property=\"og:type\" content=\"article\" \/>\n<meta property=\"og:title\" content=\"Rory - MacJes Fashion\" \/>\n<meta property=\"og:description\" content=\"Material &amp; Pflegehinweis:\u00a0 Obermaterial: Echtleder F\u00fctterungsdicke: kalt gef\u00fcttert Pflegehinweis: Evtl. Impr\u00e4gnieren\u00a0 Produktinfos:\u00a0\u00a0 Schnitt: normal &#8211; breiter Schuhspitze: rund Absatz: 2,5cm Verschluss: Slip On Funktionalit\u00e4t: wird bei vielem Tragen weiter, auch hier sehr weiches Echtleder Details: perfekt f\u00fcr Hallux Kunden bzw. Kunden mit breiteren F\u00fc\u00dfen Schuhweite G-Weite Verschluss Slip On Wechselfussbett&hellip;\" \/>\n<meta property=\"og:url\" content=\"https:\/\/shop.macjes-fashion.at\/index.php\/produkt\/rory\/\" \/>\n<meta property=\"og:site_name\" content=\"MacJes Fashion\" \/>\n<meta property=\"article:modified_time\" content=\"2026-04-15T10:44:07+00:00\" \/>\n<meta property=\"og:image\" content=\"https:\/\/shop.macjes-fashion.at\/wp-content\/uploads\/2026\/04\/Rory-1024x1024.png\" \/>\n\t<meta property=\"og:image:width\" content=\"1024\" \/>\n\t<meta property=\"og:image:height\" content=\"1024\" \/>\n\t<meta property=\"og:image:type\" content=\"image\/png\" \/>\n<meta name=\"twitter:card\" content=\"summary_large_image\" \/>\n<meta name=\"twitter:label1\" content=\"Gesch\u00e4tzte Lesezeit\" \/>\n\t<meta name=\"twitter:data1\" content=\"1\u00a0Minute\" \/>\n<script type=\"application\/ld+json\" class=\"yoast-schema-graph\">{\"@context\":\"https:\\\/\\\/schema.org\",\"@graph\":[{\"@type\":\"WebPage\",\"@id\":\"https:\\\/\\\/shop.macjes-fashion.at\\\/index.php\\\/produkt\\\/rory\\\/\",\"url\":\"https:\\\/\\\/shop.macjes-fashion.at\\\/index.php\\\/produkt\\\/rory\\\/\",\"name\":\"Rory - MacJes Fashion\",\"isPartOf\":{\"@id\":\"https:\\\/\\\/shop.macjes-fashion.at\\\/#website\"},\"primaryImageOfPage\":{\"@id\":\"https:\\\/\\\/shop.macjes-fashion.at\\\/index.php\\\/produkt\\\/rory\\\/#primaryimage\"},\"image\":{\"@id\":\"https:\\\/\\\/shop.macjes-fashion.at\\\/index.php\\\/produkt\\\/rory\\\/#primaryimage\"},\"thumbnailUrl\":\"https:\\\/\\\/shop.macjes-fashion.at\\\/wp-content\\\/uploads\\\/2026\\\/04\\\/Rory.png\",\"datePublished\":\"2026-04-14T10:46:34+00:00\",\"dateModified\":\"2026-04-15T10:44:07+00:00\",\"breadcrumb\":{\"@id\":\"https:\\\/\\\/shop.macjes-fashion.at\\\/index.php\\\/produkt\\\/rory\\\/#breadcrumb\"},\"inLanguage\":\"de\",\"potentialAction\":[{\"@type\":\"ReadAction\",\"target\":[\"https:\\\/\\\/shop.macjes-fashion.at\\\/index.php\\\/produkt\\\/rory\\\/\"]}]},{\"@type\":\"ImageObject\",\"inLanguage\":\"de\",\"@id\":\"https:\\\/\\\/shop.macjes-fashion.at\\\/index.php\\\/produkt\\\/rory\\\/#primaryimage\",\"url\":\"https:\\\/\\\/shop.macjes-fashion.at\\\/wp-content\\\/uploads\\\/2026\\\/04\\\/Rory.png\",\"contentUrl\":\"https:\\\/\\\/shop.macjes-fashion.at\\\/wp-content\\\/uploads\\\/2026\\\/04\\\/Rory.png\",\"width\":2048,\"height\":2048},{\"@type\":\"BreadcrumbList\",\"@id\":\"https:\\\/\\\/shop.macjes-fashion.at\\\/index.php\\\/produkt\\\/rory\\\/#breadcrumb\",\"itemListElement\":[{\"@type\":\"ListItem\",\"position\":1,\"name\":\"Home\",\"item\":\"https:\\\/\\\/shop.macjes-fashion.at\\\/\"},{\"@type\":\"ListItem\",\"position\":2,\"name\":\"Shop\",\"item\":\"https:\\\/\\\/shop.macjes-fashion.at\\\/index.php\\\/shop-2\\\/\"},{\"@type\":\"ListItem\",\"position\":3,\"name\":\"Rory\"}]},{\"@type\":\"WebSite\",\"@id\":\"https:\\\/\\\/shop.macjes-fashion.at\\\/#website\",\"url\":\"https:\\\/\\\/shop.macjes-fashion.at\\\/\",\"name\":\"MacJes Fashion\",\"description\":\"Feel Your Style\",\"publisher\":{\"@id\":\"https:\\\/\\\/shop.macjes-fashion.at\\\/#organization\"},\"potentialAction\":[{\"@type\":\"SearchAction\",\"target\":{\"@type\":\"EntryPoint\",\"urlTemplate\":\"https:\\\/\\\/shop.macjes-fashion.at\\\/?s={search_term_string}\"},\"query-input\":{\"@type\":\"PropertyValueSpecification\",\"valueRequired\":true,\"valueName\":\"search_term_string\"}}],\"inLanguage\":\"de\"},{\"@type\":\"Organization\",\"@id\":\"https:\\\/\\\/shop.macjes-fashion.at\\\/#organization\",\"name\":\"MacJes Fashion\",\"url\":\"https:\\\/\\\/shop.macjes-fashion.at\\\/\",\"logo\":{\"@type\":\"ImageObject\",\"inLanguage\":\"de\",\"@id\":\"https:\\\/\\\/shop.macjes-fashion.at\\\/#\\\/schema\\\/logo\\\/image\\\/\",\"url\":\"https:\\\/\\\/shop.macjes-fashion.at\\\/wp-content\\\/uploads\\\/2026\\\/02\\\/cropped-cropped-mjf_negativ-1.jpg\",\"contentUrl\":\"https:\\\/\\\/shop.macjes-fashion.at\\\/wp-content\\\/uploads\\\/2026\\\/02\\\/cropped-cropped-mjf_negativ-1.jpg\",\"width\":512,\"height\":512,\"caption\":\"MacJes Fashion\"},\"image\":{\"@id\":\"https:\\\/\\\/shop.macjes-fashion.at\\\/#\\\/schema\\\/logo\\\/image\\\/\"}}]}<\/script>\n<!-- \/ Yoast SEO plugin. -->","yoast_head_json":{"title":"Rory - MacJes Fashion","robots":{"index":"index","follow":"follow","max-snippet":"max-snippet:-1","max-image-preview":"max-image-preview:large","max-video-preview":"max-video-preview:-1"},"canonical":"https:\/\/shop.macjes-fashion.at\/index.php\/produkt\/rory\/","og_locale":"de_DE","og_type":"article","og_title":"Rory - MacJes Fashion","og_description":"Material &amp; Pflegehinweis:\u00a0 Obermaterial: Echtleder F\u00fctterungsdicke: kalt gef\u00fcttert Pflegehinweis: Evtl. Impr\u00e4gnieren\u00a0 Produktinfos:\u00a0\u00a0 Schnitt: normal &#8211; breiter Schuhspitze: rund Absatz: 2,5cm Verschluss: Slip On Funktionalit\u00e4t: wird bei vielem Tragen weiter, auch hier sehr weiches Echtleder Details: perfekt f\u00fcr Hallux Kunden bzw. Kunden mit breiteren F\u00fc\u00dfen Schuhweite G-Weite Verschluss Slip On Wechselfussbett&hellip;","og_url":"https:\/\/shop.macjes-fashion.at\/index.php\/produkt\/rory\/","og_site_name":"MacJes Fashion","article_modified_time":"2026-04-15T10:44:07+00:00","og_image":[{"width":1024,"height":1024,"url":"https:\/\/shop.macjes-fashion.at\/wp-content\/uploads\/2026\/04\/Rory-1024x1024.png","type":"image\/png"}],"twitter_card":"summary_large_image","twitter_misc":{"Gesch\u00e4tzte Lesezeit":"1\u00a0Minute"},"schema":{"@context":"https:\/\/schema.org","@graph":[{"@type":"WebPage","@id":"https:\/\/shop.macjes-fashion.at\/index.php\/produkt\/rory\/","url":"https:\/\/shop.macjes-fashion.at\/index.php\/produkt\/rory\/","name":"Rory - MacJes Fashion","isPartOf":{"@id":"https:\/\/shop.macjes-fashion.at\/#website"},"primaryImageOfPage":{"@id":"https:\/\/shop.macjes-fashion.at\/index.php\/produkt\/rory\/#primaryimage"},"image":{"@id":"https:\/\/shop.macjes-fashion.at\/index.php\/produkt\/rory\/#primaryimage"},"thumbnailUrl":"https:\/\/shop.macjes-fashion.at\/wp-content\/uploads\/2026\/04\/Rory.png","datePublished":"2026-04-14T10:46:34+00:00","dateModified":"2026-04-15T10:44:07+00:00","breadcrumb":{"@id":"https:\/\/shop.macjes-fashion.at\/index.php\/produkt\/rory\/#breadcrumb"},"inLanguage":"de","potentialAction":[{"@type":"ReadAction","target":["https:\/\/shop.macjes-fashion.at\/index.php\/produkt\/rory\/"]}]},{"@type":"ImageObject","inLanguage":"de","@id":"https:\/\/shop.macjes-fashion.at\/index.php\/produkt\/rory\/#primaryimage","url":"https:\/\/shop.macjes-fashion.at\/wp-content\/uploads\/2026\/04\/Rory.png","contentUrl":"https:\/\/shop.macjes-fashion.at\/wp-content\/uploads\/2026\/04\/Rory.png","width":2048,"height":2048},{"@type":"BreadcrumbList","@id":"https:\/\/shop.macjes-fashion.at\/index.php\/produkt\/rory\/#breadcrumb","itemListElement":[{"@type":"ListItem","position":1,"name":"Home","item":"https:\/\/shop.macjes-fashion.at\/"},{"@type":"ListItem","position":2,"name":"Shop","item":"https:\/\/shop.macjes-fashion.at\/index.php\/shop-2\/"},{"@type":"ListItem","position":3,"name":"Rory"}]},{"@type":"WebSite","@id":"https:\/\/shop.macjes-fashion.at\/#website","url":"https:\/\/shop.macjes-fashion.at\/","name":"MacJes Fashion","description":"Feel Your Style","publisher":{"@id":"https:\/\/shop.macjes-fashion.at\/#organization"},"potentialAction":[{"@type":"SearchAction","target":{"@type":"EntryPoint","urlTemplate":"https:\/\/shop.macjes-fashion.at\/?s={search_term_string}"},"query-input":{"@type":"PropertyValueSpecification","valueRequired":true,"valueName":"search_term_string"}}],"inLanguage":"de"},{"@type":"Organization","@id":"https:\/\/shop.macjes-fashion.at\/#organization","name":"MacJes Fashion","url":"https:\/\/shop.macjes-fashion.at\/","logo":{"@type":"ImageObject","inLanguage":"de","@id":"https:\/\/shop.macjes-fashion.at\/#\/schema\/logo\/image\/","url":"https:\/\/shop.macjes-fashion.at\/wp-content\/uploads\/2026\/02\/cropped-cropped-mjf_negativ-1.jpg","contentUrl":"https:\/\/shop.macjes-fashion.at\/wp-content\/uploads\/2026\/02\/cropped-cropped-mjf_negativ-1.jpg","width":512,"height":512,"caption":"MacJes Fashion"},"image":{"@id":"https:\/\/shop.macjes-fashion.at\/#\/schema\/logo\/image\/"}}]}},"_links":{"self":[{"href":"https:\/\/shop.macjes-fashion.at\/index.php\/wp-json\/wp\/v2\/product\/2555","targetHints":{"allow":["GET"]}}],"collection":[{"href":"https:\/\/shop.macjes-fashion.at\/index.php\/wp-json\/wp\/v2\/product"}],"about":[{"href":"https:\/\/shop.macjes-fashion.at\/index.php\/wp-json\/wp\/v2\/types\/product"}],"wp:featuredmedia":[{"embeddable":true,"href":"https:\/\/shop.macjes-fashion.at\/index.php\/wp-json\/wp\/v2\/media\/2591"}],"wp:attachment":[{"href":"https:\/\/shop.macjes-fashion.at\/index.php\/wp-json\/wp\/v2\/media?parent=2555"}],"wp:term":[{"taxonomy":"product_brand","embeddable":true,"href":"https:\/\/shop.macjes-fashion.at\/index.php\/wp-json\/wp\/v2\/product_brand?post=2555"},{"taxonomy":"product_cat","embeddable":true,"href":"https:\/\/shop.macjes-fashion.at\/index.php\/wp-json\/wp\/v2\/product_cat?post=2555"},{"taxonomy":"product_tag","embeddable":true,"href":"https:\/\/shop.macjes-fashion.at\/index.php\/wp-json\/wp\/v2\/product_tag?post=2555"}],"curies":[{"name":"wp","href":"https:\/\/api.w.org\/{rel}","templated":true}]}}